{"id":21,"date":"2025-11-03T14:56:21","date_gmt":"2025-11-03T14:56:21","guid":{"rendered":"https:\/\/huukki.ngmprojektit.fi\/?page_id=21"},"modified":"2025-11-21T14:16:49","modified_gmt":"2025-11-21T14:16:49","slug":"palvelut","status":"publish","type":"page","link":"https:\/\/huukki.ngmprojektit.fi\/?page_id=21","title":{"rendered":"PALVELUT."},"content":{"rendered":"\t\t<div data-elementor-type=\"wp-page\" data-elementor-id=\"21\" class=\"elementor elementor-21\" data-elementor-post-type=\"page\">\n\t\t\t\t<div class=\"elementor-element elementor-element-67fbeac e-flex e-con-boxed e-con e-parent\" data-id=\"67fbeac\" data-element_type=\"container\">\n\t\t\t\t\t<div class=\"e-con-inner\">\n\t\t<div class=\"elementor-element elementor-element-4d16093 e-con-full e-flex e-con e-child\" data-id=\"4d16093\" data-element_type=\"container\">\n\t\t<div class=\"elementor-element elementor-element-cb81d80 e-con-full e-flex e-con e-child\" data-id=\"cb81d80\" data-element_type=\"container\">\n\t\t\t\t<div class=\"elementor-element elementor-element-65d18a6 elementor-widget__width-inherit elementor-widget elementor-widget-image\" data-id=\"65d18a6\" data-element_type=\"widget\" data-widget_type=\"image.default\">\n\t\t\t\t\t\t\t\t\t\t\t\t\t\t\t<img fetchpriority=\"high\" decoding=\"async\" width=\"394\" height=\"413\" src=\"https:\/\/huukki.ngmprojektit.fi\/wp-content\/uploads\/2025\/11\/Screenshot_1.png\" class=\"attachment-large size-large wp-image-45\" alt=\"\" srcset=\"https:\/\/huukki.ngmprojektit.fi\/wp-content\/uploads\/2025\/11\/Screenshot_1.png 394w, https:\/\/huukki.ngmprojektit.fi\/wp-content\/uploads\/2025\/11\/Screenshot_1-286x300.png 286w\" sizes=\"(max-width: 394px) 100vw, 394px\" \/>\t\t\t\t\t\t\t\t\t\t\t\t\t\t\t<\/div>\n\t\t\t\t<\/div>\n\t\t<div class=\"elementor-element elementor-element-a1507ac e-con-full e-flex e-con e-child\" data-id=\"a1507ac\" data-element_type=\"container\">\n\t\t<div class=\"elementor-element elementor-element-610274a e-con-full e-flex e-con e-child\" data-id=\"610274a\" data-element_type=\"container\">\n\t\t\t\t<div class=\"elementor-element elementor-element-5a72d78 elementor-widget elementor-widget-heading\" data-id=\"5a72d78\" data-element_type=\"widget\" data-widget_type=\"heading.default\">\n\t\t\t\t\t<h2 class=\"elementor-heading-title elementor-size-default\">HUU<br>\nKKI<\/h2>\t\t\t\t<\/div>\n\t\t\t\t<\/div>\n\t\t<div class=\"elementor-element elementor-element-6f63319 e-con-full e-flex e-con e-child\" data-id=\"6f63319\" data-element_type=\"container\" data-settings=\"{&quot;position&quot;:&quot;absolute&quot;}\">\n\t\t\t\t<div class=\"elementor-element elementor-element-6afec2f elementor-widget elementor-widget-heading\" data-id=\"6afec2f\" data-element_type=\"widget\" data-widget_type=\"heading.default\">\n\t\t\t\t\t<h2 class=\"elementor-heading-title elementor-size-default\">LOPETA TYRKYTYS.\nALOITA <span style=\"color: #DAF66F\"> VUORO-\nVAIKUTUS.<\/span><\/h2>\t\t\t\t<\/div>\n\t\t<div class=\"elementor-element elementor-element-f0f6d6f e-con-full e-flex e-con e-child\" data-id=\"f0f6d6f\" data-element_type=\"container\">\n\t\t<div class=\"elementor-element elementor-element-08d8768 e-con-full e-flex e-con e-child\" data-id=\"08d8768\" data-element_type=\"container\">\n\t\t\t\t<div class=\"elementor-element elementor-element-6b8c5b2 elementor-widget elementor-widget-button\" data-id=\"6b8c5b2\" data-element_type=\"widget\" data-widget_type=\"button.default\">\n\t\t\t\t\t\t\t\t\t\t<a class=\"elementor-button elementor-button-link elementor-size-sm\" href=\"#\">\n\t\t\t\t\t\t<span class=\"elementor-button-content-wrapper\">\n\t\t\t\t\t\t\t\t\t<span class=\"elementor-button-text\">Palvelumme <\/span>\n\t\t\t\t\t<\/span>\n\t\t\t\t\t<\/a>\n\t\t\t\t\t\t\t\t<\/div>\n\t\t\t\t<\/div>\n\t\t<div class=\"elementor-element elementor-element-fb10393 e-con-full e-flex e-con e-child\" data-id=\"fb10393\" data-element_type=\"container\">\n\t\t\t\t<div class=\"elementor-element elementor-element-e0d3d6e elementor-widget elementor-widget-button\" data-id=\"e0d3d6e\" data-element_type=\"widget\" data-widget_type=\"button.default\">\n\t\t\t\t\t\t\t\t\t\t<a class=\"elementor-button elementor-button-link elementor-size-sm\" href=\"#\">\n\t\t\t\t\t\t<span class=\"elementor-button-content-wrapper\">\n\t\t\t\t\t\t\t\t\t<span class=\"elementor-button-text\">Ota yhtey\u00e4<\/span>\n\t\t\t\t\t<\/span>\n\t\t\t\t\t<\/a>\n\t\t\t\t\t\t\t\t<\/div>\n\t\t\t\t<\/div>\n\t\t\t\t<\/div>\n\t\t\t\t<\/div>\n\t\t\t\t<\/div>\n\t\t\t\t<\/div>\n\t\t\t\t\t<\/div>\n\t\t\t\t<\/div>\n\t\t<div class=\"elementor-element elementor-element-c9a4d7c e-flex e-con-boxed e-con e-parent\" data-id=\"c9a4d7c\" data-element_type=\"container\">\n\t\t\t\t\t<div class=\"e-con-inner\">\n\t\t\t\t<div class=\"elementor-element elementor-element-6ec22a7 elementor-widget elementor-widget-heading\" data-id=\"6ec22a7\" data-element_type=\"widget\" data-widget_type=\"heading.default\">\n\t\t\t\t\t<h2 class=\"elementor-heading-title elementor-size-default\">YLIP\u00c4\u00c4T\u00c4\u00c4N<\/h2>\t\t\t\t<\/div>\n\t\t\t\t<div class=\"elementor-element elementor-element-1942387 elementor-widget elementor-widget-heading\" data-id=\"1942387\" data-element_type=\"widget\" data-widget_type=\"heading.default\">\n\t\t\t\t\t<h2 class=\"elementor-heading-title elementor-size-default\">TUOTANNOISTA.<\/h2>\t\t\t\t<\/div>\n\t\t\t\t<div class=\"elementor-element elementor-element-5871cb0 elementor-widget__width-initial elementor-widget elementor-widget-text-editor\" data-id=\"5871cb0\" data-element_type=\"widget\" data-widget_type=\"text-editor.default\">\n\t\t\t\t\t\t\t\t\t<div><div>Kjio huig yuiooiygu fhbvbubvbubvj b ghuhbv bhhubvj ghbK jiohu igyuio oiyguf hbv bub vbubvj bghuhbvb hhubvjg hbKjiohuigyuio oiy gufhbv b ubvbubvj bghuhbv b hhubvjg h bKjiohui gyuiooiygufhbvbu bvbubvj bghuhbvbhhubvjghb<\/div><\/div>\t\t\t\t\t\t\t\t<\/div>\n\t\t\t\t<div class=\"elementor-element elementor-element-7b0cd04 elementor-widget elementor-widget-heading\" data-id=\"7b0cd04\" data-element_type=\"widget\" data-widget_type=\"heading.default\">\n\t\t\t\t\t<h2 class=\"elementor-heading-title elementor-size-default\">LIIBSLAABS LAABS LIIBS.\n<\/h2>\t\t\t\t<\/div>\n\t\t\t\t\t<\/div>\n\t\t\t\t<\/div>\n\t\t<div class=\"elementor-element elementor-element-e595fcc e-flex e-con-boxed e-con e-parent\" data-id=\"e595fcc\" data-element_type=\"container\" data-settings=\"{&quot;background_background&quot;:&quot;classic&quot;}\">\n\t\t\t\t\t<div class=\"e-con-inner\">\n\t\t\t\t<div class=\"elementor-element elementor-element-18a3668 elementor-widget__width-initial elementor-widget elementor-widget-heading\" data-id=\"18a3668\" data-element_type=\"widget\" data-widget_type=\"heading.default\">\n\t\t\t\t\t<h2 class=\"elementor-heading-title elementor-size-default\"><span style=\"color: #DAF66F\">\u2018\u2019<\/span>VOIDAAN VARMAAN\nTEH\u00c4 ITSEKIN...\u2019<span style=\"color: #DAF66F\">\u2019<\/span><\/h2>\t\t\t\t<\/div>\n\t\t\t\t<div class=\"elementor-element elementor-element-092b66d elementor-widget elementor-widget-heading\" data-id=\"092b66d\" data-element_type=\"widget\" data-widget_type=\"heading.default\">\n\t\t\t\t\t<h2 class=\"elementor-heading-title elementor-size-default\">N\u00e4inh\u00e4n sit\u00e4 ajatellaan.<\/h2>\t\t\t\t<\/div>\n\t\t\t\t<div class=\"elementor-element elementor-element-c1dd97e elementor-widget elementor-widget-heading\" data-id=\"c1dd97e\" data-element_type=\"widget\" data-widget_type=\"heading.default\">\n\t\t\t\t\t<h2 class=\"elementor-heading-title elementor-size-default\">Mua todellisuus tulee k\u00e4yt\u00e4nn\u00f6ss\u00e4 nopeasti vastaan: \n<\/h2>\t\t\t\t<\/div>\n\t\t\t\t<div class=\"elementor-element elementor-element-9ffeb6e elementor-widget__width-initial elementor-widget elementor-widget-heading\" data-id=\"9ffeb6e\" data-element_type=\"widget\" data-widget_type=\"heading.default\">\n\t\t\t\t\t<h2 class=\"elementor-heading-title elementor-size-default\">SIS\u00c4LL\u00d6NTUOTANNON JATKUVUUS KUORMITTAA.\nEP\u00c4TIETOISUUS SIIT\u00c4 MILLAINEN SIS\u00c4LT\u00d6 TOIMII.\nOSAAMISEN &amp; AJAN PUUTE.<\/h2>\t\t\t\t<\/div>\n\t\t\t\t\t<\/div>\n\t\t\t\t<\/div>\n\t\t<div class=\"elementor-element elementor-element-97854a6 e-flex e-con-boxed e-con e-parent\" data-id=\"97854a6\" data-element_type=\"container\">\n\t\t\t\t\t<div class=\"e-con-inner\">\n\t\t\t\t<div class=\"elementor-element elementor-element-81f3b4e elementor-widget elementor-widget-heading\" data-id=\"81f3b4e\" data-element_type=\"widget\" data-widget_type=\"heading.default\">\n\t\t\t\t\t<h2 class=\"elementor-heading-title elementor-size-default\">HUUKKI<\/h2>\t\t\t\t<\/div>\n\t\t\t\t<div class=\"elementor-element elementor-element-5acd129 elementor-widget elementor-widget-heading\" data-id=\"5acd129\" data-element_type=\"widget\" data-widget_type=\"heading.default\">\n\t\t\t\t\t<h2 class=\"elementor-heading-title elementor-size-default\">RATKAISEE.<\/h2>\t\t\t\t<\/div>\n\t\t<div class=\"elementor-element elementor-element-b08fa79 e-con-full e-flex e-con e-child\" data-id=\"b08fa79\" data-element_type=\"container\">\n\t\t<div class=\"elementor-element elementor-element-f1cd0a7 e-con-full e-flex e-con e-child\" data-id=\"f1cd0a7\" data-element_type=\"container\">\n\t\t\t\t<div class=\"elementor-element elementor-element-25c4dc2 elementor-widget elementor-widget-heading\" data-id=\"25c4dc2\" data-element_type=\"widget\" data-widget_type=\"heading.default\">\n\t\t\t\t\t<h2 class=\"elementor-heading-title elementor-size-default\"><span style=\"color: #DAF66F\">Huukki<\/span> tarjoaa sis\u00e4ll\u00f6ntuotannon ratkaisut ideoinnista sometilien hallinnointiin &amp; vaikuttajamarkkinointiin.<\/h2>\t\t\t\t<\/div>\n\t\t\t\t<div class=\"elementor-element elementor-element-18fdec7 elementor-widget elementor-widget-heading\" data-id=\"18fdec7\" data-element_type=\"widget\" data-widget_type=\"heading.default\">\n\t\t\t\t\t<h2 class=\"elementor-heading-title elementor-size-default\">Sis\u00e4ll\u00f6t suunnitellaan aina kohdeyleis\u00f6n somek\u00e4ytt\u00e4ytymisen pohjalta niin, ett\u00e4 se ei tunnu tyrkytt\u00e4miselt\u00e4, vaan aidosti sellaiselta sis\u00e4ll\u00f6lt\u00e4, jota kohdeyleis\u00f6si muutenkin somessa kuluttaa.<\/h2>\t\t\t\t<\/div>\n\t\t\t\t<div class=\"elementor-element elementor-element-9497fde elementor-widget elementor-widget-heading\" data-id=\"9497fde\" data-element_type=\"widget\" data-widget_type=\"heading.default\">\n\t\t\t\t\t<h2 class=\"elementor-heading-title elementor-size-default\">Kaikki t\u00e4m\u00e4 t\u00e4ysin avaimet k\u00e4teen -palveluna.<\/h2>\t\t\t\t<\/div>\n\t\t\t\t<\/div>\n\t\t<div class=\"elementor-element elementor-element-3311468 e-con-full e-flex e-con e-child\" data-id=\"3311468\" data-element_type=\"container\">\n\t\t\t\t<div class=\"elementor-element elementor-element-4cef07a elementor-widget elementor-widget-button\" data-id=\"4cef07a\" data-element_type=\"widget\" data-widget_type=\"button.default\">\n\t\t\t\t\t\t\t\t\t\t<a class=\"elementor-button elementor-button-link elementor-size-sm\" href=\"#\">\n\t\t\t\t\t\t<span class=\"elementor-button-content-wrapper\">\n\t\t\t\t\t\t<span class=\"elementor-button-icon\">\n\t\t\t\t<svg aria-hidden=\"true\" class=\"e-font-icon-svg e-fas-check\" viewBox=\"0 0 512 512\" xmlns=\"http:\/\/www.w3.org\/2000\/svg\"><path d=\"M173.898 439.404l-166.4-166.4c-9.997-9.997-9.997-26.206 0-36.204l36.203-36.204c9.997-9.998 26.207-9.998 36.204 0L192 312.69 432.095 72.596c9.997-9.997 26.207-9.997 36.204 0l36.203 36.204c9.997 9.997 9.997 26.206 0 36.204l-294.4 294.401c-9.998 9.997-26.207 9.997-36.204-.001z\"><\/path><\/svg>\t\t\t<\/span>\n\t\t\t\t\t\t\t\t\t<span class=\"elementor-button-text\">JATKUVUUTTA SIS\u00c4LT\u00d6\u00d6N<\/span>\n\t\t\t\t\t<\/span>\n\t\t\t\t\t<\/a>\n\t\t\t\t\t\t\t\t<\/div>\n\t\t\t\t<div class=\"elementor-element elementor-element-deaa8e0 elementor-widget elementor-widget-button\" data-id=\"deaa8e0\" data-element_type=\"widget\" data-widget_type=\"button.default\">\n\t\t\t\t\t\t\t\t\t\t<a class=\"elementor-button elementor-button-link elementor-size-sm\" href=\"#\">\n\t\t\t\t\t\t<span class=\"elementor-button-content-wrapper\">\n\t\t\t\t\t\t<span class=\"elementor-button-icon\">\n\t\t\t\t<svg aria-hidden=\"true\" class=\"e-font-icon-svg e-fas-check\" viewBox=\"0 0 512 512\" xmlns=\"http:\/\/www.w3.org\/2000\/svg\"><path d=\"M173.898 439.404l-166.4-166.4c-9.997-9.997-9.997-26.206 0-36.204l36.203-36.204c9.997-9.998 26.207-9.998 36.204 0L192 312.69 432.095 72.596c9.997-9.997 26.207-9.997 36.204 0l36.203 36.204c9.997 9.997 9.997 26.206 0 36.204l-294.4 294.401c-9.998 9.997-26.207 9.997-36.204-.001z\"><\/path><\/svg>\t\t\t<\/span>\n\t\t\t\t\t\t\t\t\t<span class=\"elementor-button-text\">VUOROVAIKUTUSTA YLEIS\u00d6\u00d6N<\/span>\n\t\t\t\t\t<\/span>\n\t\t\t\t\t<\/a>\n\t\t\t\t\t\t\t\t<\/div>\n\t\t\t\t<div class=\"elementor-element elementor-element-1a35154 elementor-widget elementor-widget-button\" data-id=\"1a35154\" data-element_type=\"widget\" data-widget_type=\"button.default\">\n\t\t\t\t\t\t\t\t\t\t<a class=\"elementor-button elementor-button-link elementor-size-sm\" href=\"#\">\n\t\t\t\t\t\t<span class=\"elementor-button-content-wrapper\">\n\t\t\t\t\t\t<span class=\"elementor-button-icon\">\n\t\t\t\t<svg aria-hidden=\"true\" class=\"e-font-icon-svg e-fas-check\" viewBox=\"0 0 512 512\" xmlns=\"http:\/\/www.w3.org\/2000\/svg\"><path d=\"M173.898 439.404l-166.4-166.4c-9.997-9.997-9.997-26.206 0-36.204l36.203-36.204c9.997-9.998 26.207-9.998 36.204 0L192 312.69 432.095 72.596c9.997-9.997 26.207-9.997 36.204 0l36.203 36.204c9.997 9.997 9.997 26.206 0 36.204l-294.4 294.401c-9.998 9.997-26.207 9.997-36.204-.001z\"><\/path><\/svg>\t\t\t<\/span>\n\t\t\t\t\t\t\t\t\t<span class=\"elementor-button-text\">TULOKSIA LIIKETOIMINTAAN<\/span>\n\t\t\t\t\t<\/span>\n\t\t\t\t\t<\/a>\n\t\t\t\t\t\t\t\t<\/div>\n\t\t\t\t<\/div>\n\t\t\t\t<\/div>\n\t\t\t\t\t<\/div>\n\t\t\t\t<\/div>\n\t\t<div class=\"elementor-element elementor-element-57565b1 e-flex e-con-boxed e-con e-parent\" data-id=\"57565b1\" data-element_type=\"container\">\n\t\t\t\t\t<div class=\"e-con-inner\">\n\t\t<div class=\"elementor-element elementor-element-b9e44ce e-con-full e-flex e-con e-child\" data-id=\"b9e44ce\" data-element_type=\"container\">\n\t\t<div class=\"elementor-element elementor-element-1409dbf e-con-full e-flex e-con e-child\" data-id=\"1409dbf\" data-element_type=\"container\">\n\t\t\t\t<div class=\"elementor-element elementor-element-a3a0901 elementor-widget elementor-widget-heading\" data-id=\"a3a0901\" data-element_type=\"widget\" data-widget_type=\"heading.default\">\n\t\t\t\t\t<h2 class=\"elementor-heading-title elementor-size-default\">MIKSI JUURI<\/h2>\t\t\t\t<\/div>\n\t\t\t\t<div class=\"elementor-element elementor-element-4e86edf elementor-widget elementor-widget-heading\" data-id=\"4e86edf\" data-element_type=\"widget\" data-widget_type=\"heading.default\">\n\t\t\t\t\t<h2 class=\"elementor-heading-title elementor-size-default\">LYHYTVIDEOT?<\/h2>\t\t\t\t<\/div>\n\t\t\t\t<div class=\"elementor-element elementor-element-417fe15 elementor-widget elementor-widget-text-editor\" data-id=\"417fe15\" data-element_type=\"widget\" data-widget_type=\"text-editor.default\">\n\t\t\t\t\t\t\t\t\t<p>#lyhytvideot #toimiikose #ennenkaikkioliparemmin<\/p>\t\t\t\t\t\t\t\t<\/div>\n\t\t\t\t<\/div>\n\t\t<div class=\"elementor-element elementor-element-9727f13 e-con-full e-flex e-con e-child\" data-id=\"9727f13\" data-element_type=\"container\">\n\t\t\t\t<div class=\"elementor-element elementor-element-4adf8d3 elementor-widget__width-initial elementor-widget elementor-widget-image\" data-id=\"4adf8d3\" data-element_type=\"widget\" data-widget_type=\"image.default\">\n\t\t\t\t\t\t\t\t\t\t\t\t\t\t\t<img decoding=\"async\" width=\"564\" height=\"277\" src=\"https:\/\/huukki.ngmprojektit.fi\/wp-content\/uploads\/2025\/11\/Screenshot_6.png\" class=\"attachment-large size-large wp-image-86\" alt=\"\" srcset=\"https:\/\/huukki.ngmprojektit.fi\/wp-content\/uploads\/2025\/11\/Screenshot_6.png 564w, https:\/\/huukki.ngmprojektit.fi\/wp-content\/uploads\/2025\/11\/Screenshot_6-300x147.png 300w\" sizes=\"(max-width: 564px) 100vw, 564px\" \/>\t\t\t\t\t\t\t\t\t\t\t\t\t\t\t<\/div>\n\t\t\t\t<\/div>\n\t\t\t\t<\/div>\n\t\t<div class=\"elementor-element elementor-element-abc096e e-flex e-con-boxed e-con e-child\" data-id=\"abc096e\" data-element_type=\"container\">\n\t\t\t\t\t<div class=\"e-con-inner\">\n\t\t<div class=\"elementor-element elementor-element-002560c e-con-full e-flex e-con e-child\" data-id=\"002560c\" data-element_type=\"container\">\n\t\t\t\t<div class=\"elementor-element elementor-element-088363c elementor-widget elementor-widget-image\" data-id=\"088363c\" data-element_type=\"widget\" data-widget_type=\"image.default\">\n\t\t\t\t\t\t\t\t\t\t\t\t\t\t\t<img decoding=\"async\" width=\"213\" height=\"432\" src=\"https:\/\/huukki.ngmprojektit.fi\/wp-content\/uploads\/2025\/11\/Screenshot_13.png\" class=\"attachment-large size-large wp-image-190\" alt=\"\" srcset=\"https:\/\/huukki.ngmprojektit.fi\/wp-content\/uploads\/2025\/11\/Screenshot_13.png 213w, https:\/\/huukki.ngmprojektit.fi\/wp-content\/uploads\/2025\/11\/Screenshot_13-148x300.png 148w\" sizes=\"(max-width: 213px) 100vw, 213px\" \/>\t\t\t\t\t\t\t\t\t\t\t\t\t\t\t<\/div>\n\t\t\t\t<\/div>\n\t\t<div class=\"elementor-element elementor-element-f40577a e-con-full e-flex e-con e-child\" data-id=\"f40577a\" data-element_type=\"container\">\n\t\t\t\t<div class=\"elementor-element elementor-element-5d1b29f elementor-widget elementor-widget-heading\" data-id=\"5d1b29f\" data-element_type=\"widget\" data-widget_type=\"heading.default\">\n\t\t\t\t\t<h2 class=\"elementor-heading-title elementor-size-default\">LYHYTVIDEO-<\/h2>\t\t\t\t<\/div>\n\t\t\t\t<div class=\"elementor-element elementor-element-d3c0d59 elementor-widget elementor-widget-heading\" data-id=\"d3c0d59\" data-element_type=\"widget\" data-widget_type=\"heading.default\">\n\t\t\t\t\t<h2 class=\"elementor-heading-title elementor-size-default\">TUOTANNOT.<\/h2>\t\t\t\t<\/div>\n\t\t\t\t<div class=\"elementor-element elementor-element-9e3b68a elementor-widget elementor-widget-text-editor\" data-id=\"9e3b68a\" data-element_type=\"widget\" data-widget_type=\"text-editor.default\">\n\t\t\t\t\t\t\t\t\t<div><div>Kjio huig yuiooiygu fhbvbubvbubvj b ghuhbv bhhubvj ghbK jiohu igyuio oiyguf hbv bub vbubvj bghuhbvb hhubvjg hbKjiohuigyuio oiy gufhbv b ubvbubvj bghuhbv b hhubvjg h bKjiohui gyuiooiygufhbvbu bvbubvj bghuhbvbhhubvjghb<\/div><\/div>\t\t\t\t\t\t\t\t<\/div>\n\t\t\t\t<div class=\"elementor-element elementor-element-eeb1005 elementor-widget elementor-widget-heading\" data-id=\"eeb1005\" data-element_type=\"widget\" data-widget_type=\"heading.default\">\n\t\t\t\t\t<h2 class=\"elementor-heading-title elementor-size-default\">LIIBSLAABS LAABS LIIBS.\n<\/h2>\t\t\t\t<\/div>\n\t\t\t\t<div class=\"elementor-element elementor-element-4f9e0d2 elementor-widget elementor-widget-button\" data-id=\"4f9e0d2\" data-element_type=\"widget\" data-widget_type=\"button.default\">\n\t\t\t\t\t\t\t\t\t\t<a class=\"elementor-button elementor-button-link elementor-size-sm\" href=\"#\">\n\t\t\t\t\t\t<span class=\"elementor-button-content-wrapper\">\n\t\t\t\t\t\t\t\t\t<span class=\"elementor-button-text\">Lue lis\u00e4\u00e4<\/span>\n\t\t\t\t\t<\/span>\n\t\t\t\t\t<\/a>\n\t\t\t\t\t\t\t\t<\/div>\n\t\t\t\t<\/div>\n\t\t\t\t\t<\/div>\n\t\t\t\t<\/div>\n\t\t\t\t\t<\/div>\n\t\t\t\t<\/div>\n\t\t<div class=\"elementor-element elementor-element-308cbfc e-flex e-con-boxed e-con e-parent\" data-id=\"308cbfc\" data-element_type=\"container\">\n\t\t\t\t\t<div class=\"e-con-inner\">\n\t\t<div class=\"elementor-element elementor-element-d04f849 e-con-full e-flex e-con e-child\" data-id=\"d04f849\" data-element_type=\"container\">\n\t\t\t\t<div class=\"elementor-element elementor-element-8ec0ded elementor-widget elementor-widget-heading\" data-id=\"8ec0ded\" data-element_type=\"widget\" data-widget_type=\"heading.default\">\n\t\t\t\t\t<h2 class=\"elementor-heading-title elementor-size-default\">LIS\u00c4\u00c4 MAISTIAISIA \n<\/h2>\t\t\t\t<\/div>\n\t\t\t\t<div class=\"elementor-element elementor-element-ecc6a76 elementor-widget elementor-widget-heading\" data-id=\"ecc6a76\" data-element_type=\"widget\" data-widget_type=\"heading.default\">\n\t\t\t\t\t<h2 class=\"elementor-heading-title elementor-size-default\">TUOTANNOISTAMME.<\/h2>\t\t\t\t<\/div>\n\t\t\t\t<\/div>\n\t\t<div class=\"elementor-element elementor-element-8a48fbd e-con-full e-flex e-con e-child\" data-id=\"8a48fbd\" data-element_type=\"container\">\n\t\t<div class=\"elementor-element elementor-element-8df6a5d e-con-full e-flex e-con e-child\" data-id=\"8df6a5d\" data-element_type=\"container\">\n\t\t\t\t<div class=\"elementor-element elementor-element-4b990e9 elementor-widget elementor-widget-image\" data-id=\"4b990e9\" data-element_type=\"widget\" data-widget_type=\"image.default\">\n\t\t\t\t\t\t\t\t\t\t\t\t\t\t\t<img loading=\"lazy\" decoding=\"async\" width=\"211\" height=\"427\" src=\"https:\/\/huukki.ngmprojektit.fi\/wp-content\/uploads\/2025\/11\/Screenshot_8-Copy.png\" class=\"attachment-large size-large wp-image-110\" alt=\"\" srcset=\"https:\/\/huukki.ngmprojektit.fi\/wp-content\/uploads\/2025\/11\/Screenshot_8-Copy.png 211w, https:\/\/huukki.ngmprojektit.fi\/wp-content\/uploads\/2025\/11\/Screenshot_8-Copy-148x300.png 148w\" sizes=\"(max-width: 211px) 100vw, 211px\" \/>\t\t\t\t\t\t\t\t\t\t\t\t\t\t\t<\/div>\n\t\t\t\t<\/div>\n\t\t<div class=\"elementor-element elementor-element-df08ea3 e-con-full e-flex e-con e-child\" data-id=\"df08ea3\" data-element_type=\"container\">\n\t\t\t\t<div class=\"elementor-element elementor-element-7240f7c elementor-widget elementor-widget-image\" data-id=\"7240f7c\" data-element_type=\"widget\" data-widget_type=\"image.default\">\n\t\t\t\t\t\t\t\t\t\t\t\t\t\t\t<img loading=\"lazy\" decoding=\"async\" width=\"217\" height=\"427\" src=\"https:\/\/huukki.ngmprojektit.fi\/wp-content\/uploads\/2025\/11\/Screenshot_9.png\" class=\"attachment-large size-large wp-image-108\" alt=\"\" srcset=\"https:\/\/huukki.ngmprojektit.fi\/wp-content\/uploads\/2025\/11\/Screenshot_9.png 217w, https:\/\/huukki.ngmprojektit.fi\/wp-content\/uploads\/2025\/11\/Screenshot_9-152x300.png 152w\" sizes=\"(max-width: 217px) 100vw, 217px\" \/>\t\t\t\t\t\t\t\t\t\t\t\t\t\t\t<\/div>\n\t\t\t\t<\/div>\n\t\t<div class=\"elementor-element elementor-element-29f1ff0 e-con-full e-flex e-con e-child\" data-id=\"29f1ff0\" data-element_type=\"container\">\n\t\t\t\t<div class=\"elementor-element elementor-element-4c92f22 elementor-widget elementor-widget-image\" data-id=\"4c92f22\" data-element_type=\"widget\" data-widget_type=\"image.default\">\n\t\t\t\t\t\t\t\t\t\t\t\t\t\t\t<img loading=\"lazy\" decoding=\"async\" width=\"218\" height=\"422\" src=\"https:\/\/huukki.ngmprojektit.fi\/wp-content\/uploads\/2025\/11\/Screenshot_10-Copy.png\" class=\"attachment-large size-large wp-image-109\" alt=\"\" srcset=\"https:\/\/huukki.ngmprojektit.fi\/wp-content\/uploads\/2025\/11\/Screenshot_10-Copy.png 218w, https:\/\/huukki.ngmprojektit.fi\/wp-content\/uploads\/2025\/11\/Screenshot_10-Copy-155x300.png 155w\" sizes=\"(max-width: 218px) 100vw, 218px\" \/>\t\t\t\t\t\t\t\t\t\t\t\t\t\t\t<\/div>\n\t\t\t\t<\/div>\n\t\t\t\t<\/div>\n\t\t\t\t<div class=\"elementor-element elementor-element-8fdee3d elementor-align-center elementor-widget elementor-widget-button\" data-id=\"8fdee3d\" data-element_type=\"widget\" data-widget_type=\"button.default\">\n\t\t\t\t\t\t\t\t\t\t<a class=\"elementor-button elementor-button-link elementor-size-sm\" href=\"#\">\n\t\t\t\t\t\t<span class=\"elementor-button-content-wrapper\">\n\t\t\t\t\t\t\t\t\t<span class=\"elementor-button-text\">Tehh\u00e4\u00e4n siullekki komia video<\/span>\n\t\t\t\t\t<\/span>\n\t\t\t\t\t<\/a>\n\t\t\t\t\t\t\t\t<\/div>\n\t\t\t\t\t<\/div>\n\t\t\t\t<\/div>\n\t\t\t\t<\/div>\n\t\t","protected":false},"excerpt":{"rendered":"<p>HUU KKI LOPETA TYRKYTYS. ALOITA VUORO- VAIKUTUS. Palvelumme Ota yhtey\u00e4 YLIP\u00c4\u00c4T\u00c4\u00c4N TUOTANNOISTA. Kjio huig yuiooiygu fhbvbubvbubvj b ghuhbv bhhubvj ghbK jiohu igyuio oiyguf hbv bub vbubvj bghuhbvb hhubvjg hbKjiohuigyuio oiy gufhbv b ubvbubvj bghuhbv b hhubvjg h bKjiohui gyuiooiygufhbvbu bvbubvj bghuhbvbhhubvjghb LIIBSLAABS LAABS LIIBS. \u2018\u2019VOIDAAN VARMAAN TEH\u00c4 ITSEKIN&#8230;\u2019\u2019 N\u00e4inh\u00e4n sit\u00e4 ajatellaan. Mua todellisuus tulee k\u00e4yt\u00e4nn\u00f6ss\u00e4 [&hellip;]<\/p>\n","protected":false},"author":1,"featured_media":0,"parent":0,"menu_order":0,"comment_status":"closed","ping_status":"closed","template":"","meta":{"footnotes":""},"class_list":["post-21","page","type-page","status-publish","hentry"],"_links":{"self":[{"href":"https:\/\/huukki.ngmprojektit.fi\/index.php?rest_route=\/wp\/v2\/pages\/21","targetHints":{"allow":["GET"]}}],"collection":[{"href":"https:\/\/huukki.ngmprojektit.fi\/index.php?rest_route=\/wp\/v2\/pages"}],"about":[{"href":"https:\/\/huukki.ngmprojektit.fi\/index.php?rest_route=\/wp\/v2\/types\/page"}],"author":[{"embeddable":true,"href":"https:\/\/huukki.ngmprojektit.fi\/index.php?rest_route=\/wp\/v2\/users\/1"}],"replies":[{"embeddable":true,"href":"https:\/\/huukki.ngmprojektit.fi\/index.php?rest_route=%2Fwp%2Fv2%2Fcomments&post=21"}],"version-history":[{"count":94,"href":"https:\/\/huukki.ngmprojektit.fi\/index.php?rest_route=\/wp\/v2\/pages\/21\/revisions"}],"predecessor-version":[{"id":315,"href":"https:\/\/huukki.ngmprojektit.fi\/index.php?rest_route=\/wp\/v2\/pages\/21\/revisions\/315"}],"wp:attachment":[{"href":"https:\/\/huukki.ngmprojektit.fi\/index.php?rest_route=%2Fwp%2Fv2%2Fmedia&parent=21"}],"curies":[{"name":"wp","href":"https:\/\/api.w.org\/{rel}","templated":true}]}}