{"id":18,"date":"2025-11-03T14:56:07","date_gmt":"2025-11-03T14:56:07","guid":{"rendered":"https:\/\/huukki.ngmprojektit.fi\/?page_id=18"},"modified":"2025-11-21T14:29:02","modified_gmt":"2025-11-21T14:29:02","slug":"etusivu","status":"publish","type":"page","link":"https:\/\/huukki.ngmprojektit.fi\/","title":{"rendered":"ETUSIVU."},"content":{"rendered":"\t\t<div data-elementor-type=\"wp-page\" data-elementor-id=\"18\" class=\"elementor elementor-18\" data-elementor-post-type=\"page\">\n\t\t\t\t<div class=\"elementor-element elementor-element-4a046fb e-con-full elementor-hidden-tablet elementor-hidden-mobile e-flex e-con e-parent\" data-id=\"4a046fb\" data-element_type=\"container\" data-settings=\"{&quot;position&quot;:&quot;absolute&quot;}\">\n\t\t\t\t<div class=\"elementor-element elementor-element-1192c16 elementor-widget elementor-widget-image\" data-id=\"1192c16\" data-element_type=\"widget\" data-widget_type=\"image.default\">\n\t\t\t\t\t\t\t\t\t\t\t\t\t\t\t<img decoding=\"async\" width=\"56\" height=\"109\" src=\"https:\/\/huukki.ngmprojektit.fi\/wp-content\/uploads\/2025\/11\/Screenshot_2.png\" class=\"attachment-large size-large wp-image-286\" alt=\"\" \/>\t\t\t\t\t\t\t\t\t\t\t\t\t\t\t<\/div>\n\t\t\t\t<\/div>\n\t\t<div class=\"elementor-element elementor-element-1c0f977 e-con-full elementor-hidden-mobile e-flex e-con e-parent\" data-id=\"1c0f977\" data-element_type=\"container\" data-settings=\"{&quot;position&quot;:&quot;absolute&quot;}\">\n\t\t\t\t<div class=\"elementor-element elementor-element-2ef4224 elementor-widget elementor-widget-image\" data-id=\"2ef4224\" data-element_type=\"widget\" data-widget_type=\"image.default\">\n\t\t\t\t\t\t\t\t\t\t\t\t\t\t\t<img decoding=\"async\" width=\"94\" height=\"200\" src=\"https:\/\/huukki.ngmprojektit.fi\/wp-content\/uploads\/2025\/11\/Screenshot_3-1.png\" class=\"attachment-large size-large wp-image-290\" alt=\"\" \/>\t\t\t\t\t\t\t\t\t\t\t\t\t\t\t<\/div>\n\t\t\t\t<\/div>\n\t\t<div class=\"elementor-element elementor-element-a4a93d3 e-flex e-con-boxed e-con e-parent\" data-id=\"a4a93d3\" data-element_type=\"container\">\n\t\t\t\t\t<div class=\"e-con-inner\">\n\t\t<div class=\"elementor-element elementor-element-ec3dee5 e-con-full e-flex e-con e-child\" data-id=\"ec3dee5\" data-element_type=\"container\">\n\t\t<div class=\"elementor-element elementor-element-34ce340 e-con-full e-flex e-con e-child\" data-id=\"34ce340\" data-element_type=\"container\">\n\t\t\t\t<div class=\"elementor-element elementor-element-0aa657d elementor-widget elementor-widget-image\" data-id=\"0aa657d\" data-element_type=\"widget\" data-widget_type=\"image.default\">\n\t\t\t\t\t\t\t\t\t\t\t\t\t\t\t<img fetchpriority=\"high\" decoding=\"async\" width=\"394\" height=\"413\" src=\"https:\/\/huukki.ngmprojektit.fi\/wp-content\/uploads\/2025\/11\/Screenshot_1.png\" class=\"attachment-large size-large wp-image-45\" alt=\"\" srcset=\"https:\/\/huukki.ngmprojektit.fi\/wp-content\/uploads\/2025\/11\/Screenshot_1.png 394w, https:\/\/huukki.ngmprojektit.fi\/wp-content\/uploads\/2025\/11\/Screenshot_1-286x300.png 286w\" sizes=\"(max-width: 394px) 100vw, 394px\" \/>\t\t\t\t\t\t\t\t\t\t\t\t\t\t\t<\/div>\n\t\t\t\t<\/div>\n\t\t<div class=\"elementor-element elementor-element-5169217 e-con-full e-flex e-con e-child\" data-id=\"5169217\" data-element_type=\"container\">\n\t\t<div class=\"elementor-element elementor-element-50b1040 e-con-full e-flex e-con e-child\" data-id=\"50b1040\" data-element_type=\"container\">\n\t\t\t\t<div class=\"elementor-element elementor-element-8d8dca2 elementor-widget elementor-widget-heading\" data-id=\"8d8dca2\" data-element_type=\"widget\" data-widget_type=\"heading.default\">\n\t\t\t\t\t<h2 class=\"elementor-heading-title elementor-size-default\">TIKTOK <span style=\"color: #DAF66F\">.<\/span><\/h2>\t\t\t\t<\/div>\n\t\t\t\t<div class=\"elementor-element elementor-element-df0c946 elementor-widget elementor-widget-heading\" data-id=\"df0c946\" data-element_type=\"widget\" data-widget_type=\"heading.default\">\n\t\t\t\t\t<h2 class=\"elementor-heading-title elementor-size-default\">META <span style=\"color: #DAF66F\">.<\/span><\/h2>\t\t\t\t<\/div>\n\t\t\t\t<div class=\"elementor-element elementor-element-e6a88da elementor-widget elementor-widget-heading\" data-id=\"e6a88da\" data-element_type=\"widget\" data-widget_type=\"heading.default\">\n\t\t\t\t\t<h2 class=\"elementor-heading-title elementor-size-default\">YOUTUBE <span style=\"color: #DAF66F\">.<\/span><\/h2>\t\t\t\t<\/div>\n\t\t\t\t<\/div>\n\t\t<div class=\"elementor-element elementor-element-b8bdcef e-con-full e-flex e-con e-child\" data-id=\"b8bdcef\" data-element_type=\"container\">\n\t\t\t\t<div class=\"elementor-element elementor-element-76e5c31 elementor-widget elementor-widget-heading\" data-id=\"76e5c31\" data-element_type=\"widget\" data-widget_type=\"heading.default\">\n\t\t\t\t\t<h2 class=\"elementor-heading-title elementor-size-default\">TAVOITA<\/h2>\t\t\t\t<\/div>\n\t\t\t\t<div class=\"elementor-element elementor-element-6cfa014 elementor-widget elementor-widget-heading\" data-id=\"6cfa014\" data-element_type=\"widget\" data-widget_type=\"heading.default\">\n\t\t\t\t\t<h2 class=\"elementor-heading-title elementor-size-default\">IHMISET SIELL\u00c4<\/h2>\t\t\t\t<\/div>\n\t\t\t\t<div class=\"elementor-element elementor-element-e42611f elementor-widget elementor-widget-heading\" data-id=\"e42611f\" data-element_type=\"widget\" data-widget_type=\"heading.default\">\n\t\t\t\t\t<h2 class=\"elementor-heading-title elementor-size-default\">MISS\u00c4 HE OVAT.<\/h2>\t\t\t\t<\/div>\n\t\t\t\t<div class=\"elementor-element elementor-element-dd372e5 elementor-mobile-align-center elementor-widget elementor-widget-button\" data-id=\"dd372e5\" data-element_type=\"widget\" data-widget_type=\"button.default\">\n\t\t\t\t\t\t\t\t\t\t<a class=\"elementor-button elementor-button-link elementor-size-sm\" href=\"#\">\n\t\t\t\t\t\t<span class=\"elementor-button-content-wrapper\">\n\t\t\t\t\t\t\t\t\t<span class=\"elementor-button-text\">Lyhytvideot<\/span>\n\t\t\t\t\t<\/span>\n\t\t\t\t\t<\/a>\n\t\t\t\t\t\t\t\t<\/div>\n\t\t\t\t<\/div>\n\t\t\t\t<\/div>\n\t\t\t\t<\/div>\n\t\t\t\t\t<\/div>\n\t\t\t\t<\/div>\n\t\t<div class=\"elementor-element elementor-element-29a96ec e-flex e-con-boxed e-con e-parent\" data-id=\"29a96ec\" data-element_type=\"container\">\n\t\t\t\t\t<div class=\"e-con-inner\">\n\t\t<div class=\"elementor-element elementor-element-a110014 e-con-full e-flex e-con e-child\" data-id=\"a110014\" data-element_type=\"container\">\n\t\t<div class=\"elementor-element elementor-element-aead067 e-con-full e-flex e-con e-child\" data-id=\"aead067\" data-element_type=\"container\">\n\t\t\t\t<div class=\"elementor-element elementor-element-51164ae elementor-widget elementor-widget-heading\" data-id=\"51164ae\" data-element_type=\"widget\" data-widget_type=\"heading.default\">\n\t\t\t\t\t<h2 class=\"elementor-heading-title elementor-size-default\">LUODAAN<\/h2>\t\t\t\t<\/div>\n\t\t\t\t<div class=\"elementor-element elementor-element-5472153 elementor-widget elementor-widget-heading\" data-id=\"5472153\" data-element_type=\"widget\" data-widget_type=\"heading.default\">\n\t\t\t\t\t<h2 class=\"elementor-heading-title elementor-size-default\">BR\u00c4NDILLESI<\/h2>\t\t\t\t<\/div>\n\t\t\t\t<div class=\"elementor-element elementor-element-f062936 elementor-widget elementor-widget-heading\" data-id=\"f062936\" data-element_type=\"widget\" data-widget_type=\"heading.default\">\n\t\t\t\t\t<h2 class=\"elementor-heading-title elementor-size-default\">YHTEIS\u00d6.<\/h2>\t\t\t\t<\/div>\n\t\t\t\t<div class=\"elementor-element elementor-element-407beaa elementor-widget elementor-widget-text-editor\" data-id=\"407beaa\" data-element_type=\"widget\" data-widget_type=\"text-editor.default\">\n\t\t\t\t\t\t\t\t\t<p>Kjio huig yuiooiygu fhbvbubvbubvj b ghuhbv<br \/>bhhubvj ghbK jiohu igyuio oiyguf hbv bub<br \/>vbubvj bghuhbvb hhubvjg hbKjiohuigyuio<br \/>oiy gufhbv b ubvbubvj bghuhbv b hhubvjg h<br \/>bKjiohui gyuiooiygufhbvbu bvbubvj<br \/>bghuhbvbhhubvjghb<\/p>\t\t\t\t\t\t\t\t<\/div>\n\t\t\t\t<div class=\"elementor-element elementor-element-0ffc8d8 elementor-widget elementor-widget-heading\" data-id=\"0ffc8d8\" data-element_type=\"widget\" data-widget_type=\"heading.default\">\n\t\t\t\t\t<h2 class=\"elementor-heading-title elementor-size-default\">ME AUTAMME T\u00c4SS\u00c4 JA T\u00c4SS\u00c4.<\/h2>\t\t\t\t<\/div>\n\t\t<div class=\"elementor-element elementor-element-05e6ff7 e-con-full e-flex e-con e-child\" data-id=\"05e6ff7\" data-element_type=\"container\">\n\t\t<div class=\"elementor-element elementor-element-f01acc6 e-con-full e-flex e-con e-child\" data-id=\"f01acc6\" data-element_type=\"container\">\n\t\t\t\t<div class=\"elementor-element elementor-element-a39772a elementor-widget elementor-widget-button\" data-id=\"a39772a\" data-element_type=\"widget\" data-widget_type=\"button.default\">\n\t\t\t\t\t\t\t\t\t\t<a class=\"elementor-button elementor-button-link elementor-size-sm\" href=\"#\">\n\t\t\t\t\t\t<span class=\"elementor-button-content-wrapper\">\n\t\t\t\t\t\t\t\t\t<span class=\"elementor-button-text\">Palvelumme<\/span>\n\t\t\t\t\t<\/span>\n\t\t\t\t\t<\/a>\n\t\t\t\t\t\t\t\t<\/div>\n\t\t\t\t<\/div>\n\t\t<div class=\"elementor-element elementor-element-6c93d22 e-con-full e-flex e-con e-child\" data-id=\"6c93d22\" data-element_type=\"container\">\n\t\t\t\t<div class=\"elementor-element elementor-element-e313c6a elementor-widget elementor-widget-button\" data-id=\"e313c6a\" data-element_type=\"widget\" data-widget_type=\"button.default\">\n\t\t\t\t\t\t\t\t\t\t<a class=\"elementor-button elementor-button-link elementor-size-sm\" href=\"#\">\n\t\t\t\t\t\t<span class=\"elementor-button-content-wrapper\">\n\t\t\t\t\t\t\t\t\t<span class=\"elementor-button-text\">Palvelumme<\/span>\n\t\t\t\t\t<\/span>\n\t\t\t\t\t<\/a>\n\t\t\t\t\t\t\t\t<\/div>\n\t\t\t\t<\/div>\n\t\t\t\t<\/div>\n\t\t\t\t<\/div>\n\t\t<div class=\"elementor-element elementor-element-a13aee8 e-con-full e-flex e-con e-child\" data-id=\"a13aee8\" data-element_type=\"container\">\n\t\t\t\t<div class=\"elementor-element elementor-element-d2cfff6 elementor-widget elementor-widget-image\" data-id=\"d2cfff6\" data-element_type=\"widget\" data-widget_type=\"image.default\">\n\t\t\t\t\t\t\t\t\t\t\t\t\t\t\t<img loading=\"lazy\" decoding=\"async\" width=\"248\" height=\"486\" src=\"https:\/\/huukki.ngmprojektit.fi\/wp-content\/uploads\/2025\/11\/Screenshot_5.png\" class=\"attachment-large size-large wp-image-78\" alt=\"\" srcset=\"https:\/\/huukki.ngmprojektit.fi\/wp-content\/uploads\/2025\/11\/Screenshot_5.png 248w, https:\/\/huukki.ngmprojektit.fi\/wp-content\/uploads\/2025\/11\/Screenshot_5-153x300.png 153w\" sizes=\"(max-width: 248px) 100vw, 248px\" \/>\t\t\t\t\t\t\t\t\t\t\t\t\t\t\t<\/div>\n\t\t\t\t<\/div>\n\t\t\t\t<\/div>\n\t\t\t\t\t<\/div>\n\t\t\t\t<\/div>\n\t\t<div class=\"elementor-element elementor-element-0793c69 e-flex e-con-boxed e-con e-parent\" data-id=\"0793c69\" data-element_type=\"container\">\n\t\t\t\t\t<div class=\"e-con-inner\">\n\t\t<div class=\"elementor-element elementor-element-8d50b5d e-con-full e-flex e-con e-child\" data-id=\"8d50b5d\" data-element_type=\"container\">\n\t\t<div class=\"elementor-element elementor-element-c0e24b9 e-con-full e-flex e-con e-child\" data-id=\"c0e24b9\" data-element_type=\"container\">\n\t\t\t\t<div class=\"elementor-element elementor-element-ef01b26 elementor-widget elementor-widget-heading\" data-id=\"ef01b26\" data-element_type=\"widget\" data-widget_type=\"heading.default\">\n\t\t\t\t\t<h2 class=\"elementor-heading-title elementor-size-default\">MIKSI JUURI<\/h2>\t\t\t\t<\/div>\n\t\t\t\t<div class=\"elementor-element elementor-element-dbbbfd9 elementor-widget elementor-widget-heading\" data-id=\"dbbbfd9\" data-element_type=\"widget\" data-widget_type=\"heading.default\">\n\t\t\t\t\t<h2 class=\"elementor-heading-title elementor-size-default\">LYHYTVIDEOT?<\/h2>\t\t\t\t<\/div>\n\t\t\t\t<div class=\"elementor-element elementor-element-a314b20 elementor-widget elementor-widget-text-editor\" data-id=\"a314b20\" data-element_type=\"widget\" data-widget_type=\"text-editor.default\">\n\t\t\t\t\t\t\t\t\t<p>#lyhytvideot #toimiikose #ennenkaikkioliparemmin<\/p>\t\t\t\t\t\t\t\t<\/div>\n\t\t\t\t<\/div>\n\t\t<div class=\"elementor-element elementor-element-8a2bf07 e-con-full e-flex e-con e-child\" data-id=\"8a2bf07\" data-element_type=\"container\">\n\t\t\t\t<div class=\"elementor-element elementor-element-a258de7 elementor-widget__width-initial elementor-widget elementor-widget-image\" data-id=\"a258de7\" data-element_type=\"widget\" data-widget_type=\"image.default\">\n\t\t\t\t\t\t\t\t\t\t\t\t\t\t\t<img loading=\"lazy\" decoding=\"async\" width=\"564\" height=\"277\" src=\"https:\/\/huukki.ngmprojektit.fi\/wp-content\/uploads\/2025\/11\/Screenshot_6.png\" class=\"attachment-large size-large wp-image-86\" alt=\"\" srcset=\"https:\/\/huukki.ngmprojektit.fi\/wp-content\/uploads\/2025\/11\/Screenshot_6.png 564w, https:\/\/huukki.ngmprojektit.fi\/wp-content\/uploads\/2025\/11\/Screenshot_6-300x147.png 300w\" sizes=\"(max-width: 564px) 100vw, 564px\" \/>\t\t\t\t\t\t\t\t\t\t\t\t\t\t\t<\/div>\n\t\t\t\t<\/div>\n\t\t\t\t<\/div>\n\t\t<div class=\"elementor-element elementor-element-edcc4cc e-flex e-con-boxed e-con e-child\" data-id=\"edcc4cc\" data-element_type=\"container\">\n\t\t\t\t\t<div class=\"e-con-inner\">\n\t\t<div class=\"elementor-element elementor-element-9a634ef e-con-full e-flex e-con e-child\" data-id=\"9a634ef\" data-element_type=\"container\">\n\t\t\t\t<div class=\"elementor-element elementor-element-06adedc elementor-widget elementor-widget-heading\" data-id=\"06adedc\" data-element_type=\"widget\" data-widget_type=\"heading.default\">\n\t\t\t\t\t<h2 class=\"elementor-heading-title elementor-size-default\">82%<\/h2>\t\t\t\t<\/div>\n\t\t\t\t<div class=\"elementor-element elementor-element-332685f elementor-widget__width-initial elementor-widget elementor-widget-heading\" data-id=\"332685f\" data-element_type=\"widget\" data-widget_type=\"heading.default\">\n\t\t\t\t\t<h2 class=\"elementor-heading-title elementor-size-default\">KAIKESTA INTERNETLIIKENTEEST\u00c4 ON OLLUT\n<span style=\"color: #DAF66F\">LYHYTVIDEOITA<\/span> VUONNA 2024<\/h2>\t\t\t\t<\/div>\n\t\t\t\t<\/div>\n\t\t<div class=\"elementor-element elementor-element-e3ec49c e-con-full e-flex e-con e-child\" data-id=\"e3ec49c\" data-element_type=\"container\">\n\t\t\t\t<div class=\"elementor-element elementor-element-4235615 elementor-widget elementor-widget-heading\" data-id=\"4235615\" data-element_type=\"widget\" data-widget_type=\"heading.default\">\n\t\t\t\t\t<h2 class=\"elementor-heading-title elementor-size-default\">72%<\/h2>\t\t\t\t<\/div>\n\t\t\t\t<div class=\"elementor-element elementor-element-056ca74 elementor-widget__width-initial elementor-widget elementor-widget-heading\" data-id=\"056ca74\" data-element_type=\"widget\" data-widget_type=\"heading.default\">\n\t\t\t\t\t<h2 class=\"elementor-heading-title elementor-size-default\">KULUTTAJISTA KERTOO\nLYHYTVIDEOIDEN VAIKUTTANEEN\nOSTOP\u00c4\u00c4T\u00d6KSIINS\u00c4.\n<\/h2>\t\t\t\t<\/div>\n\t\t\t\t<\/div>\n\t\t<div class=\"elementor-element elementor-element-41e42cd e-con-full e-flex e-con e-child\" data-id=\"41e42cd\" data-element_type=\"container\">\n\t\t\t\t<div class=\"elementor-element elementor-element-0bb378c elementor-widget elementor-widget-heading\" data-id=\"0bb378c\" data-element_type=\"widget\" data-widget_type=\"heading.default\">\n\t\t\t\t\t<h2 class=\"elementor-heading-title elementor-size-default\">1H 16MIN<\/h2>\t\t\t\t<\/div>\n\t\t\t\t<div class=\"elementor-element elementor-element-2d196ec elementor-widget__width-initial elementor-widget elementor-widget-heading\" data-id=\"2d196ec\" data-element_type=\"widget\" data-widget_type=\"heading.default\">\n\t\t\t\t\t<h2 class=\"elementor-heading-title elementor-size-default\">KESKIM\u00c4\u00c4R\u00c4INEN AIKA,\nJONKA IHMINEN KULUTTAA\nLYHYTVIDEOIDEN PARISSA\n<span style=\"color:#DAF66F\">P\u00c4IVITT\u00c4IN.<\/span><\/h2>\t\t\t\t<\/div>\n\t\t\t\t<\/div>\n\t\t\t\t\t<\/div>\n\t\t\t\t<\/div>\n\t\t\t\t<div class=\"elementor-element elementor-element-be1865f elementor-align-center elementor-widget elementor-widget-button\" data-id=\"be1865f\" data-element_type=\"widget\" data-widget_type=\"button.default\">\n\t\t\t\t\t\t\t\t\t\t<a class=\"elementor-button elementor-button-link elementor-size-sm\" href=\"#\">\n\t\t\t\t\t\t<span class=\"elementor-button-content-wrapper\">\n\t\t\t\t\t\t\t\t\t<span class=\"elementor-button-text\">N\u00e4in yrityksesi voisi hy\u00f6dynt\u00e4\u00e4 somea tai jtn -&gt;<\/span>\n\t\t\t\t\t<\/span>\n\t\t\t\t\t<\/a>\n\t\t\t\t\t\t\t\t<\/div>\n\t\t\t\t\t<\/div>\n\t\t\t\t<\/div>\n\t\t<div class=\"elementor-element elementor-element-3ffb867 e-flex e-con-boxed e-con e-parent\" data-id=\"3ffb867\" data-element_type=\"container\">\n\t\t\t\t\t<div class=\"e-con-inner\">\n\t\t<div class=\"elementor-element elementor-element-013b846 e-con-full e-flex e-con e-child\" data-id=\"013b846\" data-element_type=\"container\">\n\t\t\t\t<div class=\"elementor-element elementor-element-d80b1b9 elementor-widget elementor-widget-heading\" data-id=\"d80b1b9\" data-element_type=\"widget\" data-widget_type=\"heading.default\">\n\t\t\t\t\t<h2 class=\"elementor-heading-title elementor-size-default\">MAISTIAISIA<\/h2>\t\t\t\t<\/div>\n\t\t\t\t<div class=\"elementor-element elementor-element-a98569c elementor-widget elementor-widget-heading\" data-id=\"a98569c\" data-element_type=\"widget\" data-widget_type=\"heading.default\">\n\t\t\t\t\t<h2 class=\"elementor-heading-title elementor-size-default\">TUOTANNOISTAMME.\n<\/h2>\t\t\t\t<\/div>\n\t\t\t\t<\/div>\n\t\t<div class=\"elementor-element elementor-element-f61cc64 e-con-full e-flex e-con e-child\" data-id=\"f61cc64\" data-element_type=\"container\">\n\t\t<div class=\"elementor-element elementor-element-5c24ddd e-con-full e-flex e-con e-child\" data-id=\"5c24ddd\" data-element_type=\"container\">\n\t\t\t\t<div class=\"elementor-element elementor-element-269fe5d elementor-widget elementor-widget-image\" data-id=\"269fe5d\" data-element_type=\"widget\" data-widget_type=\"image.default\">\n\t\t\t\t\t\t\t\t\t\t\t\t\t\t\t<img loading=\"lazy\" decoding=\"async\" width=\"211\" height=\"427\" src=\"https:\/\/huukki.ngmprojektit.fi\/wp-content\/uploads\/2025\/11\/Screenshot_8-Copy.png\" class=\"attachment-large size-large wp-image-110\" alt=\"\" srcset=\"https:\/\/huukki.ngmprojektit.fi\/wp-content\/uploads\/2025\/11\/Screenshot_8-Copy.png 211w, https:\/\/huukki.ngmprojektit.fi\/wp-content\/uploads\/2025\/11\/Screenshot_8-Copy-148x300.png 148w\" sizes=\"(max-width: 211px) 100vw, 211px\" \/>\t\t\t\t\t\t\t\t\t\t\t\t\t\t\t<\/div>\n\t\t\t\t<\/div>\n\t\t<div class=\"elementor-element elementor-element-73adaea e-con-full e-flex e-con e-child\" data-id=\"73adaea\" data-element_type=\"container\">\n\t\t\t\t<div class=\"elementor-element elementor-element-ff2e222 elementor-widget elementor-widget-image\" data-id=\"ff2e222\" data-element_type=\"widget\" data-widget_type=\"image.default\">\n\t\t\t\t\t\t\t\t\t\t\t\t\t\t\t<img loading=\"lazy\" decoding=\"async\" width=\"217\" height=\"427\" src=\"https:\/\/huukki.ngmprojektit.fi\/wp-content\/uploads\/2025\/11\/Screenshot_9.png\" class=\"attachment-large size-large wp-image-108\" alt=\"\" srcset=\"https:\/\/huukki.ngmprojektit.fi\/wp-content\/uploads\/2025\/11\/Screenshot_9.png 217w, https:\/\/huukki.ngmprojektit.fi\/wp-content\/uploads\/2025\/11\/Screenshot_9-152x300.png 152w\" sizes=\"(max-width: 217px) 100vw, 217px\" \/>\t\t\t\t\t\t\t\t\t\t\t\t\t\t\t<\/div>\n\t\t\t\t<\/div>\n\t\t<div class=\"elementor-element elementor-element-d345be7 e-con-full e-flex e-con e-child\" data-id=\"d345be7\" data-element_type=\"container\">\n\t\t\t\t<div class=\"elementor-element elementor-element-ad117cf elementor-widget elementor-widget-image\" data-id=\"ad117cf\" data-element_type=\"widget\" data-widget_type=\"image.default\">\n\t\t\t\t\t\t\t\t\t\t\t\t\t\t\t<img loading=\"lazy\" decoding=\"async\" width=\"218\" height=\"422\" src=\"https:\/\/huukki.ngmprojektit.fi\/wp-content\/uploads\/2025\/11\/Screenshot_10-Copy.png\" class=\"attachment-large size-large wp-image-109\" alt=\"\" srcset=\"https:\/\/huukki.ngmprojektit.fi\/wp-content\/uploads\/2025\/11\/Screenshot_10-Copy.png 218w, https:\/\/huukki.ngmprojektit.fi\/wp-content\/uploads\/2025\/11\/Screenshot_10-Copy-155x300.png 155w\" sizes=\"(max-width: 218px) 100vw, 218px\" \/>\t\t\t\t\t\t\t\t\t\t\t\t\t\t\t<\/div>\n\t\t\t\t<\/div>\n\t\t\t\t<\/div>\n\t\t\t\t<div class=\"elementor-element elementor-element-5c89b99 elementor-align-center elementor-widget elementor-widget-button\" data-id=\"5c89b99\" data-element_type=\"widget\" data-widget_type=\"button.default\">\n\t\t\t\t\t\t\t\t\t\t<a class=\"elementor-button elementor-button-link elementor-size-sm\" href=\"#\">\n\t\t\t\t\t\t<span class=\"elementor-button-content-wrapper\">\n\t\t\t\t\t\t\t\t\t<span class=\"elementor-button-text\">Tehh\u00e4\u00e4n siullekki komia video<\/span>\n\t\t\t\t\t<\/span>\n\t\t\t\t\t<\/a>\n\t\t\t\t\t\t\t\t<\/div>\n\t\t\t\t\t<\/div>\n\t\t\t\t<\/div>\n\t\t\t\t<\/div>\n\t\t","protected":false},"excerpt":{"rendered":"<p>TIKTOK . META . YOUTUBE . TAVOITA IHMISET SIELL\u00c4 MISS\u00c4 HE OVAT. Lyhytvideot LUODAAN BR\u00c4NDILLESI YHTEIS\u00d6. Kjio huig yuiooiygu fhbvbubvbubvj b ghuhbvbhhubvj ghbK jiohu igyuio oiyguf hbv bubvbubvj bghuhbvb hhubvjg hbKjiohuigyuiooiy gufhbv b ubvbubvj bghuhbv b hhubvjg hbKjiohui gyuiooiygufhbvbu bvbubvjbghuhbvbhhubvjghb ME AUTAMME T\u00c4SS\u00c4 JA T\u00c4SS\u00c4. Palvelumme Palvelumme MIKSI JUURI LYHYTVIDEOT? #lyhytvideot #toimiikose #ennenkaikkioliparemmin 82% KAIKESTA [&hellip;]<\/p>\n","protected":false},"author":1,"featured_media":0,"parent":0,"menu_order":0,"comment_status":"closed","ping_status":"closed","template":"","meta":{"footnotes":""},"class_list":["post-18","page","type-page","status-publish","hentry"],"_links":{"self":[{"href":"https:\/\/huukki.ngmprojektit.fi\/index.php?rest_route=\/wp\/v2\/pages\/18","targetHints":{"allow":["GET"]}}],"collection":[{"href":"https:\/\/huukki.ngmprojektit.fi\/index.php?rest_route=\/wp\/v2\/pages"}],"about":[{"href":"https:\/\/huukki.ngmprojektit.fi\/index.php?rest_route=\/wp\/v2\/types\/page"}],"author":[{"embeddable":true,"href":"https:\/\/huukki.ngmprojektit.fi\/index.php?rest_route=\/wp\/v2\/users\/1"}],"replies":[{"embeddable":true,"href":"https:\/\/huukki.ngmprojektit.fi\/index.php?rest_route=%2Fwp%2Fv2%2Fcomments&post=18"}],"version-history":[{"count":112,"href":"https:\/\/huukki.ngmprojektit.fi\/index.php?rest_route=\/wp\/v2\/pages\/18\/revisions"}],"predecessor-version":[{"id":336,"href":"https:\/\/huukki.ngmprojektit.fi\/index.php?rest_route=\/wp\/v2\/pages\/18\/revisions\/336"}],"wp:attachment":[{"href":"https:\/\/huukki.ngmprojektit.fi\/index.php?rest_route=%2Fwp%2Fv2%2Fmedia&parent=18"}],"curies":[{"name":"wp","href":"https:\/\/api.w.org\/{rel}","templated":true}]}}